{"id":69,"date":"2017-01-25T17:27:33","date_gmt":"2017-01-25T17:27:33","guid":{"rendered":"http:\/\/shop.luismaram.com\/?post_type=product&#038;p=69"},"modified":"2019-01-13T17:10:47","modified_gmt":"2019-01-13T17:10:47","slug":"guia-para-hacer-un-plan-de-marketing","status":"publish","type":"product","link":"https:\/\/shop.luismaram.com\/?product=guia-para-hacer-un-plan-de-marketing","title":{"rendered":"Gu\u00eda para hacer un Plan de Marketing"},"content":{"rendered":"<p>&nbsp;<\/p>\n<p>Nuestra Gu\u00eda-Plantilla Plan de marketing est\u00e1 compuesta por:<\/p>\n<ol>\n<li><strong>Gu\u00eda para resumen Ejecutivo<\/strong><\/li>\n<\/ol>\n<ul>\n<li>Informaci\u00f3n General<\/li>\n<li>El Futuro<\/li>\n<li>El Mercado<\/li>\n<li>El Financiamiento<\/li>\n<\/ul>\n<ol start=\"2\">\n<li><strong>Gu\u00eda para desarrollo completo de Plan de Marketing<\/strong><\/li>\n<\/ol>\n<ul>\n<li>Visi\u00f3n general<\/li>\n<li>An\u00e1lisis FODA<\/li>\n<li>Productos\/Servicios<\/li>\n<li>Personal<\/li>\n<li>El Futuro<\/li>\n<li>El Mercado<\/li>\n<li>Consumidores\/clientes<\/li>\n<li>Competidores<\/li>\n<li>T\u00e1cticas<\/li>\n<li>Digital<\/li>\n<li>Finanzas<\/li>\n<li>Medici\u00f3n<\/li>\n<li>Documentaci\u00f3n<\/li>\n<\/ul>\n","protected":false},"excerpt":{"rendered":"<p>Todo mundo te explicar\u00e1 que el Plan de Marketing es un elemento imprescindible para los mercad\u00f3logos; que b\u00e1sicamente es su gu\u00eda de ruta para trabajar todo el a\u00f1o, que es vital para obtener ROI&#8230; y s\u00ed, tienen raz\u00f3n \u00a1Pero nadie te ense\u00f1a a hacerlo!<\/p>\n<p>Nosotros te traemos esta Gu\u00eda-Plantilla para que puedas ir llenando todos los rubros necesarios con tu propia informaci\u00f3n; te decimos a detalle qu\u00e9 datos colocar en cada uno de ellos. Este plan de marketing incluye no solo la plantilla para el desarrollo de todo el documento, sino incluso para el resumen ejecutivo, que es el que se presenta normalmente a los directivos.<\/p>\n<p>No dudes m\u00e1s&#8230; \u00a1Esto es tu mapa del tesoro por apenas 4.99 USD!<\/p>\n","protected":false},"featured_media":70,"comment_status":"open","ping_status":"closed","template":"","meta":[],"_links":{"self":[{"href":"https:\/\/shop.luismaram.com\/index.php?rest_route=\/wp\/v2\/product\/69"}],"collection":[{"href":"https:\/\/shop.luismaram.com\/index.php?rest_route=\/wp\/v2\/product"}],"about":[{"href":"https:\/\/shop.luismaram.com\/index.php?rest_route=\/wp\/v2\/types\/product"}],"replies":[{"embeddable":true,"href":"https:\/\/shop.luismaram.com\/index.php?rest_route=%2Fwp%2Fv2%2Fcomments&post=69"}],"wp:featuredmedia":[{"embeddable":true,"href":"https:\/\/shop.luismaram.com\/index.php?rest_route=\/wp\/v2\/media\/70"}],"wp:attachment":[{"href":"https:\/\/shop.luismaram.com\/index.php?rest_route=%2Fwp%2Fv2%2Fmedia&parent=69"}],"curies":[{"name":"wp","href":"https:\/\/api.w.org\/{rel}","templated":true}]}}