{"id":65,"date":"2017-01-07T18:25:39","date_gmt":"2017-01-07T18:25:39","guid":{"rendered":"http:\/\/shop.luismaram.com\/?product=45-herramientas-visuales-copiar"},"modified":"2020-03-29T05:11:42","modified_gmt":"2020-03-29T05:11:42","slug":"60-formas-de-distribuir-tu-contenido","status":"publish","type":"product","link":"https:\/\/shop.luismaram.com\/?product=60-formas-de-distribuir-tu-contenido","title":{"rendered":"55 formas de distribuir tu contenido"},"content":{"rendered":"<p>MaramPaper\u00a0de 9\u00a0p\u00e1ginas ($1.99\u00a0USD),\u00a0con el siguiente contenido:<\/p>\n<p>55 ideas de distribuci\u00f3n para maximizar el alcance de contenidos publicados. Tips pr\u00e1cticos para aplicarlos desde hoy en:<\/p>\n<ol>\n<li>Facebook<\/li>\n<li>Twitter<\/li>\n<li>Blogs<\/li>\n<li>E-mail<\/li>\n<li>Instagram<\/li>\n<li>Linkedin<\/li>\n<li>Pinterest<\/li>\n<li>Snapchat<\/li>\n<\/ol>\n","protected":false},"excerpt":{"rendered":"<p>La distribuci\u00f3n de contenidos es una pieza fundamental para el marketing de contenidos, sin embargo muchos mercad\u00f3logos la pasan por alto; publican y esperan que el contenido m\u00e1gicamente despegue, se haga viral y convierta. No funciona as\u00ed.<\/p>\n<p>A no ser que hayas construido una audiencia masiva que se dedique a esperar tu pr\u00f3xima pieza, tienes que ponerte a trabajar en difundir tu contenido. En este paper, encontrar\u00e1s\u00a0m\u00e1s de 50 t\u00e1cticas para propagar tu\u00a0contenido en las principales redes sociales, mail y blogs.<\/p>\n<p>\u00a1Aprovecha esta oportunidad! Rebajado a solo $1.99 USD<\/p>\n","protected":false},"featured_media":67,"comment_status":"open","ping_status":"closed","template":"","meta":[],"_links":{"self":[{"href":"https:\/\/shop.luismaram.com\/index.php?rest_route=\/wp\/v2\/product\/65"}],"collection":[{"href":"https:\/\/shop.luismaram.com\/index.php?rest_route=\/wp\/v2\/product"}],"about":[{"href":"https:\/\/shop.luismaram.com\/index.php?rest_route=\/wp\/v2\/types\/product"}],"replies":[{"embeddable":true,"href":"https:\/\/shop.luismaram.com\/index.php?rest_route=%2Fwp%2Fv2%2Fcomments&post=65"}],"wp:featuredmedia":[{"embeddable":true,"href":"https:\/\/shop.luismaram.com\/index.php?rest_route=\/wp\/v2\/media\/67"}],"wp:attachment":[{"href":"https:\/\/shop.luismaram.com\/index.php?rest_route=%2Fwp%2Fv2%2Fmedia&parent=65"}],"curies":[{"name":"wp","href":"https:\/\/api.w.org\/{rel}","templated":true}]}}